{"id":11723,"date":"2025-06-25T09:24:38","date_gmt":"2025-06-25T07:24:38","guid":{"rendered":"https:\/\/www.akunas.com\/?page_id=11723"},"modified":"2025-06-25T09:24:39","modified_gmt":"2025-06-25T07:24:39","slug":"succes-newsletter","status":"publish","type":"page","link":"https:\/\/www.akunas.com\/fr\/succes-newsletter","title":{"rendered":"succes newsletter"},"content":{"rendered":"\n<div class=\"wp-block-group jaleo--container-75-center wpb--text-center has-global-padding is-layout-constrained wp-block-group-is-layout-constrained\" style=\"padding-top:var(--wp--preset--spacing--60)\">\n<h1 class=\"wp-block-heading has-text-align-center\">Merci pour votre abonnement \u00e0 notre newsletter<\/h1>\n\n\n\n<p class=\"has-text-align-center has-lead-font-size\">Si vous avez des questions ou besoin d\u2019assistance, n\u2019h\u00e9sitez pas \u00e0 nous contacter. Nous sommes toujours ravis de vous aider.<br><br>Merci encore pour votre abonnement, et nous avons h\u00e2te de vous tenir inform\u00e9.<\/p>\n\n\n\n<div class=\"wp-block-buttons is-content-justification-center is-layout-flex wp-container-core-buttons-is-layout-dc4f92c6 wp-block-buttons-is-layout-flex\" style=\"margin-top:var(--wp--preset--spacing--30);margin-bottom:var(--wp--preset--spacing--50)\">\n<div class=\"wp-block-button\"><a class=\"wp-block-button__link wp-element-button\" href=\"javascript:history.back()\">Retour<\/a><\/div>\n<\/div>\n<\/div>\n","protected":false},"excerpt":{"rendered":"<p>Merci pour votre abonnement \u00e0 notre newsletter Si vous avez des questions ou besoin d\u2019assistance, n\u2019h\u00e9sitez pas \u00e0 nous contacter. Nous sommes toujours ravis de vous aider. Merci encore pour votre abonnement, et nous avons h\u00e2te de vous tenir inform\u00e9.<\/p>\n","protected":false},"author":2,"featured_media":0,"parent":0,"menu_order":17,"comment_status":"closed","ping_status":"closed","template":"solid-header","meta":{"_acf_changed":false,"footnotes":""},"tags":[],"class_list":["post-11723","page","type-page","status-publish","hentry"],"acf":[],"_links":{"self":[{"href":"https:\/\/www.akunas.com\/fr\/wp-json\/wp\/v2\/pages\/11723","targetHints":{"allow":["GET"]}}],"collection":[{"href":"https:\/\/www.akunas.com\/fr\/wp-json\/wp\/v2\/pages"}],"about":[{"href":"https:\/\/www.akunas.com\/fr\/wp-json\/wp\/v2\/types\/page"}],"author":[{"embeddable":true,"href":"https:\/\/www.akunas.com\/fr\/wp-json\/wp\/v2\/users\/2"}],"replies":[{"embeddable":true,"href":"https:\/\/www.akunas.com\/fr\/wp-json\/wp\/v2\/comments?post=11723"}],"version-history":[{"count":1,"href":"https:\/\/www.akunas.com\/fr\/wp-json\/wp\/v2\/pages\/11723\/revisions"}],"predecessor-version":[{"id":11724,"href":"https:\/\/www.akunas.com\/fr\/wp-json\/wp\/v2\/pages\/11723\/revisions\/11724"}],"wp:attachment":[{"href":"https:\/\/www.akunas.com\/fr\/wp-json\/wp\/v2\/media?parent=11723"}],"wp:term":[{"taxonomy":"post_tag","embeddable":true,"href":"https:\/\/www.akunas.com\/fr\/wp-json\/wp\/v2\/tags?post=11723"}],"curies":[{"name":"wp","href":"https:\/\/api.w.org\/{rel}","templated":true}]}}