{"id":11058,"date":"2025-06-23T14:36:37","date_gmt":"2025-06-23T12:36:37","guid":{"rendered":"https:\/\/www.akunas.com\/?page_id=11058"},"modified":"2025-06-23T14:53:37","modified_gmt":"2025-06-23T12:53:37","slug":"succes","status":"publish","type":"page","link":"https:\/\/www.akunas.com\/fr\/succes","title":{"rendered":"Succ\u00e8s"},"content":{"rendered":"\n<div class=\"wp-block-group jaleo--container-75-center wpb--text-center has-global-padding is-layout-constrained wp-block-group-is-layout-constrained\" style=\"padding-top:var(--wp--preset--spacing--60)\">\n<h1 class=\"wp-block-heading has-text-align-center\">Votre message a \u00e9t\u00e9 envoy\u00e9 avec succ\u00e8s<\/h1>\n\n\n\n<p class=\"has-text-align-center has-lead-font-size\">Un membre de notre \u00e9quipe vous contactera sous peu<br><br>Merci<\/p>\n\n\n\n<div class=\"wp-block-buttons is-content-justification-center is-layout-flex wp-container-core-buttons-is-layout-dc4f92c6 wp-block-buttons-is-layout-flex\" style=\"margin-top:var(--wp--preset--spacing--30);margin-bottom:var(--wp--preset--spacing--50)\">\n<div class=\"wp-block-button\"><a class=\"wp-block-button__link wp-element-button\" href=\"javascript:history.back()\">Retour<\/a><\/div>\n<\/div>\n<\/div>\n","protected":false},"excerpt":{"rendered":"<p>Votre message a \u00e9t\u00e9 envoy\u00e9 avec succ\u00e8s Un membre de notre \u00e9quipe vous contactera sous peu Merci<\/p>\n","protected":false},"author":7,"featured_media":0,"parent":0,"menu_order":16,"comment_status":"closed","ping_status":"closed","template":"solid-header","meta":{"_acf_changed":false,"footnotes":""},"tags":[],"class_list":["post-11058","page","type-page","status-publish","hentry"],"acf":[],"_links":{"self":[{"href":"https:\/\/www.akunas.com\/fr\/wp-json\/wp\/v2\/pages\/11058","targetHints":{"allow":["GET"]}}],"collection":[{"href":"https:\/\/www.akunas.com\/fr\/wp-json\/wp\/v2\/pages"}],"about":[{"href":"https:\/\/www.akunas.com\/fr\/wp-json\/wp\/v2\/types\/page"}],"author":[{"embeddable":true,"href":"https:\/\/www.akunas.com\/fr\/wp-json\/wp\/v2\/users\/7"}],"replies":[{"embeddable":true,"href":"https:\/\/www.akunas.com\/fr\/wp-json\/wp\/v2\/comments?post=11058"}],"version-history":[{"count":1,"href":"https:\/\/www.akunas.com\/fr\/wp-json\/wp\/v2\/pages\/11058\/revisions"}],"predecessor-version":[{"id":11091,"href":"https:\/\/www.akunas.com\/fr\/wp-json\/wp\/v2\/pages\/11058\/revisions\/11091"}],"wp:attachment":[{"href":"https:\/\/www.akunas.com\/fr\/wp-json\/wp\/v2\/media?parent=11058"}],"wp:term":[{"taxonomy":"post_tag","embeddable":true,"href":"https:\/\/www.akunas.com\/fr\/wp-json\/wp\/v2\/tags?post=11058"}],"curies":[{"name":"wp","href":"https:\/\/api.w.org\/{rel}","templated":true}]}}