{"id":8537,"date":"2025-06-05T14:43:41","date_gmt":"2025-06-05T12:43:41","guid":{"rendered":"https:\/\/www.akunas.com\/guides"},"modified":"2025-06-25T08:29:08","modified_gmt":"2025-06-25T06:29:08","slug":"leitfaden","status":"publish","type":"page","link":"https:\/\/www.akunas.com\/de\/leitfaden","title":{"rendered":"Leitf\u00e4den"},"content":{"rendered":"\n<div class=\"wp-block-group has-base-3-background-color has-background has-global-padding is-layout-constrained wp-container-core-group-is-layout-5c6dc492 wp-block-group-is-layout-constrained\" style=\"margin-top:0;margin-bottom:var(--wp--preset--spacing--40);padding-top:0;padding-right:0;padding-bottom:0;padding-left:0\">\n<div class=\"wp-block-group has-global-padding is-layout-constrained wp-container-core-group-is-layout-570efc33 wp-block-group-is-layout-constrained\" style=\"padding-top:var(--wp--preset--spacing--30);padding-right:var(--wp--preset--spacing--30);padding-bottom:var(--wp--preset--spacing--30);padding-left:var(--wp--preset--spacing--30)\">\n<h1 class=\"wp-block-heading has-text-align-center is-style-default has-light-color has-text-color has-link-color has-xx-large-font-size wp-elements-a16f3f2c8e22fa2bff23c784102aa5ca\"><strong><strong><strong>Unsere Leitf\u00e4den<\/strong><\/strong><\/strong><\/h1>\n<\/div>\n<\/div>\n\n\n\n<div class=\"wp-block-group has-global-padding is-layout-constrained wp-container-core-group-is-layout-47906792 wp-block-group-is-layout-constrained\" style=\"margin-bottom:var(--wp--preset--spacing--50);padding-right:var(--wp--preset--spacing--20);padding-left:var(--wp--preset--spacing--20)\">\n<p><strong>Willkommen im Bereich \u201eUnsere Leitf\u00e4den\u201c von Akunas!<\/strong> Dieser spezielle Bereich wurde entwickelt, um Ihnen bei jedem Schritt Ihrer Immobilienreise in Spanien zur Seite zu stehen. Ob Sie Ihr erstes Zuhause kaufen, Steuern verwalten, eine Investition planen oder einfach Ihre M\u00f6glichkeiten erkunden \u2013 unsere umfassenden Leitf\u00e4den bieten Ihnen wertvolle Einblicke und praktische Informationen, damit Sie fundierte und selbstbewusste Entscheidungen treffen k\u00f6nnen<\/p>\n<\/div>\n\n\n\n<section class=\"wp-block-group alignfull jaleo-card-group is-layout-flow wp-block-group-is-layout-flow\" style=\"margin-bottom:var(--wp--preset--spacing--50)\">\n<h2 class=\"wp-block-heading alignwide has-text-align-center\" style=\"margin-bottom:var(--wp--preset--spacing--30)\">Essenzielle Leitf\u00e4den f\u00fcr K\u00e4ufer, Verk\u00e4ufer und Investoren \u2013 <em>Experten-Spezialisten<\/em><\/h2>\n\n\n\n<div class=\"wp-block-columns alignwide is-layout-flex wp-container-core-columns-is-layout-28f84493 wp-block-columns-is-layout-flex\">\n<div class=\"wp-block-column jaleo-card-group-card is-layout-flow wp-block-column-is-layout-flow\">\n<figure class=\"wp-block-image size-full wp-duotone-duotone-2\"><img loading=\"lazy\" decoding=\"async\" width=\"2560\" height=\"1664\" src=\"https:\/\/www.akunas.com\/wp-content\/uploads\/2025\/06\/AdobeStock_1282108132-scaled.webp\" alt=\"\" class=\"wp-image-11196\" style=\"aspect-ratio:1;object-fit:cover\" srcset=\"https:\/\/www.akunas.com\/wp-content\/uploads\/2025\/06\/AdobeStock_1282108132-scaled.webp 2560w, https:\/\/www.akunas.com\/wp-content\/uploads\/2025\/06\/AdobeStock_1282108132-1024x666.webp 1024w, https:\/\/www.akunas.com\/wp-content\/uploads\/2025\/06\/AdobeStock_1282108132-1920x1248.webp 1920w, https:\/\/www.akunas.com\/wp-content\/uploads\/2025\/06\/AdobeStock_1282108132-768x499.webp 768w, https:\/\/www.akunas.com\/wp-content\/uploads\/2025\/06\/AdobeStock_1282108132-1536x998.webp 1536w, https:\/\/www.akunas.com\/wp-content\/uploads\/2025\/06\/AdobeStock_1282108132-2048x1331.webp 2048w\" sizes=\"auto, (max-width: 2560px) 100vw, 2560px\" \/><\/figure>\n\n\n\n<div class=\"wp-block-group jaleo-card-group-card-content has-base-background-color has-background has-global-padding is-layout-constrained wp-container-core-group-is-layout-86dba5ee wp-block-group-is-layout-constrained\" style=\"padding-top:var(--wp--preset--spacing--10);padding-right:var(--wp--preset--spacing--10);padding-bottom:var(--wp--preset--spacing--10);padding-left:var(--wp--preset--spacing--10)\">\n<h3 class=\"wp-block-heading\"><strong><a href=\"https:\/\/www.akunas.com\/de\/10619-neubau-kaufen-spanien-ratgeber\">K\u00e4uferleitfaden<\/a><\/strong><\/h3>\n\n\n\n<p class=\"has-small-font-size\">Unser&nbsp;<strong>K\u00e4uferleitf\u00e4den<\/strong>&nbsp;erkl\u00e4rt die Schritte beim Immobilienkauf in Spanien. Von der Auswahl der richtigen Immobilie bis zur Vertragsunterzeichnung \u2013 dieser Ratgeber hilft Ihnen, in jeder Phase die richtige Wahl zu treffen.<\/p>\n<\/div>\n<\/div>\n\n\n\n<div class=\"wp-block-column jaleo-card-group-card is-layout-flow wp-block-column-is-layout-flow\">\n<figure class=\"wp-block-image size-full wp-duotone-duotone-2\"><img loading=\"lazy\" decoding=\"async\" width=\"2560\" height=\"1707\" src=\"https:\/\/www.akunas.com\/wp-content\/uploads\/2025\/06\/AdobeStock_854928213-scaled.webp\" alt=\"\" class=\"wp-image-11117\" style=\"aspect-ratio:1;object-fit:cover\" srcset=\"https:\/\/www.akunas.com\/wp-content\/uploads\/2025\/06\/AdobeStock_854928213-scaled.webp 2560w, https:\/\/www.akunas.com\/wp-content\/uploads\/2025\/06\/AdobeStock_854928213-1024x683.webp 1024w, https:\/\/www.akunas.com\/wp-content\/uploads\/2025\/06\/AdobeStock_854928213-1920x1280.webp 1920w, https:\/\/www.akunas.com\/wp-content\/uploads\/2025\/06\/AdobeStock_854928213-768x512.webp 768w, https:\/\/www.akunas.com\/wp-content\/uploads\/2025\/06\/AdobeStock_854928213-1536x1024.webp 1536w, https:\/\/www.akunas.com\/wp-content\/uploads\/2025\/06\/AdobeStock_854928213-2048x1365.webp 2048w\" sizes=\"auto, (max-width: 2560px) 100vw, 2560px\" \/><\/figure>\n\n\n\n<div class=\"wp-block-group jaleo-card-group-card-content has-base-background-color has-background has-global-padding is-layout-constrained wp-container-core-group-is-layout-86dba5ee wp-block-group-is-layout-constrained\" style=\"padding-top:var(--wp--preset--spacing--10);padding-right:var(--wp--preset--spacing--10);padding-bottom:var(--wp--preset--spacing--10);padding-left:var(--wp--preset--spacing--10)\">\n<h3 class=\"wp-block-heading\"><strong><a href=\"https:\/\/www.akunas.com\/de\/10714-steuerleitfaden-immobilie-kaufen-spanien\">Steuerleitfaden<\/a><\/strong><\/h3>\n\n\n\n<p class=\"has-small-font-size\">Unser&nbsp;<strong>Steuerleitf\u00e4den<\/strong>&nbsp;beschreibt die wichtigsten Steuern beim Immobilienkauf in Spanien. Von Kaufnebenkosten bis zu j\u00e4hrlichen Abgaben \u2013 dieser Ratgeber sorgt daf\u00fcr, dass Sie gut vorbereitet sind und \u00dcberraschungen vermeiden.<\/p>\n<\/div>\n<\/div>\n\n\n\n<div class=\"wp-block-column jaleo-card-group-card is-layout-flow wp-block-column-is-layout-flow\">\n<figure class=\"wp-block-image size-full wp-duotone-duotone-2\"><img loading=\"lazy\" decoding=\"async\" width=\"2048\" height=\"2048\" src=\"https:\/\/www.akunas.com\/wp-content\/uploads\/2025\/06\/AdobeStock_1028051816.webp\" alt=\"\" class=\"wp-image-11121\" style=\"aspect-ratio:1;object-fit:cover\" srcset=\"https:\/\/www.akunas.com\/wp-content\/uploads\/2025\/06\/AdobeStock_1028051816.webp 2048w, https:\/\/www.akunas.com\/wp-content\/uploads\/2025\/06\/AdobeStock_1028051816-1024x1024.webp 1024w, https:\/\/www.akunas.com\/wp-content\/uploads\/2025\/06\/AdobeStock_1028051816-1920x1920.webp 1920w, https:\/\/www.akunas.com\/wp-content\/uploads\/2025\/06\/AdobeStock_1028051816-768x768.webp 768w, https:\/\/www.akunas.com\/wp-content\/uploads\/2025\/06\/AdobeStock_1028051816-1536x1536.webp 1536w\" sizes=\"auto, (max-width: 2048px) 100vw, 2048px\" \/><\/figure>\n\n\n\n<div class=\"wp-block-group jaleo-card-group-card-content has-base-background-color has-background has-global-padding is-layout-constrained wp-container-core-group-is-layout-86dba5ee wp-block-group-is-layout-constrained\" style=\"padding-top:var(--wp--preset--spacing--10);padding-right:var(--wp--preset--spacing--10);padding-bottom:var(--wp--preset--spacing--10);padding-left:var(--wp--preset--spacing--10)\">\n<h3 class=\"wp-block-heading\"><a href=\"https:\/\/www.akunas.com\/de\/11134-spanischer-immobilien-investitionsleitfaden\">Investitionsleitfaden<\/a><\/h3>\n\n\n\n<p class=\"has-small-font-size\">Unser&nbsp;<strong>Investitionsleitf\u00e4den&nbsp;<\/strong>zeigt die Grundlagen f\u00fcr eine erfolgreiche Investition in Spanien. Von Chancen am Markt bis zu wichtigen Tipps \u2013 dieser Ratgeber hilft Ihnen, Ihre Pl\u00e4ne sicher und gut vorbereitet umzusetzen.<\/p>\n<\/div>\n<\/div>\n<\/div>\n<\/section>\n\n\n\n<section class=\"wp-block-group jaleo-areas-selection is-layout-flow wp-block-group-is-layout-flow\" style=\"margin-top:0;margin-bottom:var(--wp--preset--spacing--50);padding-top:0;padding-right:var(--wp--preset--spacing--20);padding-bottom:0;padding-left:var(--wp--preset--spacing--20)\">\n<div class=\"wp-block-group jaleo-areas-selection-content is-layout-flow wp-block-group-is-layout-flow\" style=\"padding-top:var(--wp--preset--spacing--40);padding-right:var(--wp--preset--spacing--20);padding-bottom:var(--wp--preset--spacing--40);padding-left:var(--wp--preset--spacing--20)\">\n<div class=\"wp-block-columns are-vertically-aligned-center is-layout-flex wp-container-core-columns-is-layout-28f84493 wp-block-columns-is-layout-flex\">\n<div class=\"wp-block-column is-vertically-aligned-center is-layout-flow wp-block-column-is-layout-flow\" style=\"flex-basis:60%\">\n<h2 class=\"wp-block-heading has-text-align-center has-contrast-color has-text-color has-link-color wp-elements-d0775bec34e7654df1ffc931602bee43\">Bleiben Sie \u00fcber die neuesten Nachrichten informiert.<\/h2>\n\n\n\n<p class=\"has-text-align-center has-contrast-color has-text-color has-link-color wp-elements-7d7a644ff0a0e41ddb84ca99f7843e9a\">Entdecken Sie den Akunas-Blog f\u00fcr die neuesten Trends, Tipps und Geschichten rund um das Leben an der spanischen K\u00fcste. Von Immobilienratgebern und Investmenttipps bis hin zu Lifestyle-Inspirationen \u2013 unsere Artikel sind dazu da, Sie zu informieren, zu inspirieren und auf Ihrem Weg zu begleiten.<\/p>\n<\/div>\n\n\n\n<div class=\"wp-block-column is-vertically-aligned-center jaleo-areas-selection-content-areas is-layout-flow wp-block-column-is-layout-flow\">\n<div class=\"wp-block-group has-global-padding is-layout-constrained wp-block-group-is-layout-constrained\">\n<p><a href=\"https:\/\/www.akunas.com\/de\/blog\">All Blog<\/a><\/p>\n\n\n<ul class=\"wp-block-categories-list wp-block-categories has-small-font-size\">\t<li class=\"cat-item cat-item-69\"><a href=\"https:\/\/www.akunas.com\/de\/cat\/immobilien-in-spanien-kaufen\">Immobilien in Spanien kaufen<\/a>\n<\/li>\n\t<li class=\"cat-item cat-item-74\"><a href=\"https:\/\/www.akunas.com\/de\/cat\/lebensstil-und-wohnen-in-spanien\">Lebensstil und Wohnen in Spanien<\/a>\n<\/li>\n\t<li class=\"cat-item cat-item-78\"><a href=\"https:\/\/www.akunas.com\/de\/cat\/personliche-begleitung\">Pers\u00f6nliche Begleitung beim Kauf von Immobilien in Spanien<\/a>\n<\/li>\n\t<li class=\"cat-item cat-item-67\"><a href=\"https:\/\/www.akunas.com\/de\/cat\/spanischer-immobilienmarkt-und-nachrichten\">Spanischer Immobilienmarkt und Nachrichten<\/a>\n<\/li>\n\t<li class=\"cat-item cat-item-65\"><a href=\"https:\/\/www.akunas.com\/de\/cat\/stadte-und-regionen-in-spanien\">St\u00e4dte und Regionen in Spanien<\/a>\n<\/li>\n<\/ul><\/div>\n<\/div>\n<\/div>\n<\/div>\n<\/section>\n","protected":false},"excerpt":{"rendered":"<p>Unsere Leitf\u00e4den Willkommen im Bereich \u201eUnsere Leitf\u00e4den\u201c von Akunas! Dieser spezielle Bereich wurde entwickelt, um Ihnen bei jedem Schritt Ihrer Immobilienreise in Spanien zur Seite zu stehen. Ob Sie Ihr erstes Zuhause kaufen, Steuern verwalten, eine Investition planen oder einfach Ihre M\u00f6glichkeiten erkunden \u2013 unsere umfassenden Leitf\u00e4den bieten Ihnen wertvolle Einblicke und praktische Informationen, damit [&hellip;]<\/p>\n","protected":false},"author":7,"featured_media":0,"parent":0,"menu_order":18,"comment_status":"closed","ping_status":"closed","template":"solid-header","meta":{"_acf_changed":false,"footnotes":""},"tags":[],"class_list":["post-8537","page","type-page","status-publish","hentry"],"acf":[],"_links":{"self":[{"href":"https:\/\/www.akunas.com\/de\/wp-json\/wp\/v2\/pages\/8537","targetHints":{"allow":["GET"]}}],"collection":[{"href":"https:\/\/www.akunas.com\/de\/wp-json\/wp\/v2\/pages"}],"about":[{"href":"https:\/\/www.akunas.com\/de\/wp-json\/wp\/v2\/types\/page"}],"author":[{"embeddable":true,"href":"https:\/\/www.akunas.com\/de\/wp-json\/wp\/v2\/users\/7"}],"replies":[{"embeddable":true,"href":"https:\/\/www.akunas.com\/de\/wp-json\/wp\/v2\/comments?post=8537"}],"version-history":[{"count":1,"href":"https:\/\/www.akunas.com\/de\/wp-json\/wp\/v2\/pages\/8537\/revisions"}],"predecessor-version":[{"id":11701,"href":"https:\/\/www.akunas.com\/de\/wp-json\/wp\/v2\/pages\/8537\/revisions\/11701"}],"wp:attachment":[{"href":"https:\/\/www.akunas.com\/de\/wp-json\/wp\/v2\/media?parent=8537"}],"wp:term":[{"taxonomy":"post_tag","embeddable":true,"href":"https:\/\/www.akunas.com\/de\/wp-json\/wp\/v2\/tags?post=8537"}],"curies":[{"name":"wp","href":"https:\/\/api.w.org\/{rel}","templated":true}]}}