{"id":13086,"date":"2025-12-30T18:28:14","date_gmt":"2025-12-30T17:28:14","guid":{"rendered":"https:\/\/www.akunas.com\/immobilien-costa-blanca\/new-build-property-orihuela"},"modified":"2025-12-30T18:48:49","modified_gmt":"2025-12-30T17:48:49","slug":"orihuela-neubauwohnungen","status":"publish","type":"page","link":"https:\/\/www.akunas.com\/de\/immobilien-costa-blanca\/orihuela-neubauwohnungen","title":{"rendered":"Neubauwohnungen Orihuela"},"content":{"rendered":"\n<section class=\"wp-block-group jaleo-two-columns has-global-padding is-layout-constrained wp-block-group-is-layout-constrained\" style=\"margin-top:var(--wp--preset--spacing--50);margin-bottom:var(--wp--preset--spacing--50)\">\n<div class=\"wp-block-group has-global-padding is-layout-constrained wp-block-group-is-layout-constrained\" style=\"margin-bottom:var(--wp--preset--spacing--30)\">\n<h1 class=\"wp-block-heading jaleo-two-columns-title has-heading-font-family\" style=\"margin-bottom:var(--wp--preset--spacing--10)\">Neubauwohnungen in Orihuela<\/h1>\n\n\n\n<p class=\"jaleo-two-columns-subtitle has-golden-color has-text-color has-heading-font-family\" style=\"margin-top:0;margin-bottom:var(--wp--preset--spacing--30);font-style:normal;font-weight:400;text-transform:uppercase\">costa blanca<\/p>\n\n\n\n<p>Akunas Real Estate bietet Beratung f\u00fcr internationale K\u00e4ufer, die an Neubauimmobilien in Orihuela interessiert sind, einer vielf\u00e4ltigen Gemeinde an der s\u00fcdlichen Costa Blanca, die historischen spanischen Charakter mit gut geplanten Wohngebieten und moderner Infrastruktur verbindet. Orihuela ist bekannt f\u00fcr seine etablierten Stadtviertel, die gute Anbindung an allt\u00e4gliche Dienstleistungen und seine Eignung f\u00fcr das ganze Jahr \u00fcber und spricht K\u00e4ufer an, die einen ausgewogenen Lebensstil in Spanien suchen und nicht nur touristische oder dicht besiedelte K\u00fcstenorte.<\/p>\n\n\n\n<p>Nachfolgend finden Sie eine Auswahl der derzeit verf\u00fcgbaren Neubauimmobilien in Orihuela. Die Verf\u00fcgbarkeit \u00e4ndert sich regelm\u00e4\u00dfig, da die Bauprojekte in Phasen freigegeben werden und einzelne Einheiten reserviert oder verkauft werden.<\/p>\n\n\n\n<h2 class=\"wp-block-heading has-text-align-center\"><strong>Verf\u00fcgbare Wohnungen in <\/strong>Orihuela<\/h2>\n\n\n\t<div class=\"wpb--card-container wpb--card-container-list\">\r\n\t\t<div class=\"wpb--card double\">\n\t<div class=\"wpb--aspect-box wpb--panoramic\">\n\t\t<a class=\"wpb--stretched-link\" href=\"\/de\/eigentum\/verkauf-vistabella-golf-reihenhaus-676362\">\n\t\t\t\t\t\t\t<img decoding=\"async\" loading=\"lazy\" class=\"wpb--image-fit\" src=\"https:\/\/www.akunas.com\/wp-content\/uploads\/inmoba\/thumb-all-0.5625-maxwidth-676362.webp\" alt=\"Reihenhaus mit drei Schlafzimmern und Sonnenterrasse in Vistabella Golf Resort zu verkaufen\" \/>\n\t\t\t\n\t\t\t\t\t<\/a>\n\t<\/div>\n\t<div class=\"wpb--card-body\">\n\t\t<h2 class=\"wpb--card-title\">\n\t\t\t<a class=\"wpb--stretched-link\" href=\"\/de\/eigentum\/verkauf-vistabella-golf-reihenhaus-676362\">\n\t\t\t\t\n\t\t\t\tReihenhaus mit drei Schlafzimmern und Sonnenterrasse in Vistabella Golf Resort zu verkaufen\t\t\t<\/a>\n\t\t<\/h2>\n\t\t<div class=\"wpb--card-data\">\n\n\t\t\t<span class=\"wpb--card-location\">Vistabella Golf - Orihuela<\/span>\n\t\t\t<div class=\"wpb--card-price\">\n\t\t\t\t299.000 &euro;\t\t\t<\/div>\n\t\t<\/div>\n\t<\/div>\n<\/div>\n<div class=\"wpb--card double\">\n\t<div class=\"wpb--aspect-box wpb--panoramic\">\n\t\t<a class=\"wpb--stretched-link\" href=\"\/de\/eigentum\/verkauf-vistabella-golf-villa-676361\">\n\t\t\t\t\t\t\t<img decoding=\"async\" loading=\"lazy\" class=\"wpb--image-fit\" src=\"https:\/\/www.akunas.com\/wp-content\/uploads\/inmoba\/thumb-all-0.5625-maxwidth-676361.webp\" alt=\"Doppelhaush\u00e4lfte mit zwei Schlafzimmern und Solarium im Vistabella Golf Resort\" \/>\n\t\t\t\n\t\t\t\t\t<\/a>\n\t<\/div>\n\t<div class=\"wpb--card-body\">\n\t\t<h2 class=\"wpb--card-title\">\n\t\t\t<a class=\"wpb--stretched-link\" href=\"\/de\/eigentum\/verkauf-vistabella-golf-villa-676361\">\n\t\t\t\t\n\t\t\t\tDoppelhaush\u00e4lfte mit zwei Schlafzimmern und Solarium im Vistabella Golf Resort\t\t\t<\/a>\n\t\t<\/h2>\n\t\t<div class=\"wpb--card-data\">\n\n\t\t\t<span class=\"wpb--card-location\">Vistabella Golf - Orihuela<\/span>\n\t\t\t<div class=\"wpb--card-price\">\n\t\t\t\t351.000 &euro;\t\t\t<\/div>\n\t\t<\/div>\n\t<\/div>\n<\/div>\n<div class=\"wpb--card\">\n\t<div class=\"wpb--aspect-box wpb--panoramic\">\n\t\t<a class=\"wpb--stretched-link\" href=\"\/de\/eigentum\/verkauf-vistabella-golf-villa-676360\">\n\t\t\t\t\t\t\t<img decoding=\"async\" loading=\"lazy\" class=\"wpb--image-fit\" src=\"https:\/\/www.akunas.com\/wp-content\/uploads\/inmoba\/thumb-all-0.5625-maxwidth-676360.webp\" alt=\"Doppelhaush\u00e4lfte mit zwei Schlafzimmern und Solarium im Vistabella Golf Resort\" \/>\n\t\t\t\n\t\t\t\t\t<\/a>\n\t<\/div>\n\t<div class=\"wpb--card-body\">\n\t\t<h2 class=\"wpb--card-title\">\n\t\t\t<a class=\"wpb--stretched-link\" href=\"\/de\/eigentum\/verkauf-vistabella-golf-villa-676360\">\n\t\t\t\t\n\t\t\t\tDoppelhaush\u00e4lfte mit zwei Schlafzimmern und Solarium im Vistabella Golf Resort\t\t\t<\/a>\n\t\t<\/h2>\n\t\t<div class=\"wpb--card-data\">\n\n\t\t\t<span class=\"wpb--card-location\">Vistabella Golf - Orihuela<\/span>\n\t\t\t<div class=\"wpb--card-price\">\n\t\t\t\t351.000 &euro;\t\t\t<\/div>\n\t\t<\/div>\n\t<\/div>\n<\/div>\n<div class=\"wpb--card\">\n\t<div class=\"wpb--aspect-box wpb--panoramic\">\n\t\t<a class=\"wpb--stretched-link\" href=\"\/de\/eigentum\/verkauf-vistabella-golf-villa-676356\">\n\t\t\t\t\t\t\t<img decoding=\"async\" loading=\"lazy\" class=\"wpb--image-fit\" src=\"https:\/\/www.akunas.com\/wp-content\/uploads\/inmoba\/thumb-all-0.5625-maxwidth-676356.webp\" alt=\"Freistehende Villa mit 4 Schlafzimmern in Vistabella Golf, Orihuela, zu verkaufen\" \/>\n\t\t\t\n\t\t\t\t\t<\/a>\n\t<\/div>\n\t<div class=\"wpb--card-body\">\n\t\t<h2 class=\"wpb--card-title\">\n\t\t\t<a class=\"wpb--stretched-link\" href=\"\/de\/eigentum\/verkauf-vistabella-golf-villa-676356\">\n\t\t\t\t\n\t\t\t\tFreistehende Villa mit 4 Schlafzimmern in Vistabella Golf, Orihuela, zu verkaufen\t\t\t<\/a>\n\t\t<\/h2>\n\t\t<div class=\"wpb--card-data\">\n\n\t\t\t<span class=\"wpb--card-location\">Vistabella Golf - Orihuela<\/span>\n\t\t\t<div class=\"wpb--card-price\">\n\t\t\t\t649.000 &euro;\t\t\t<\/div>\n\t\t<\/div>\n\t<\/div>\n<\/div>\n<div class=\"wpb--card\">\n\t<div class=\"wpb--aspect-box wpb--panoramic\">\n\t\t<a class=\"wpb--stretched-link\" href=\"\/de\/eigentum\/verkauf-vistabella-golf-villa-676346\">\n\t\t\t\t\t\t\t<img decoding=\"async\" loading=\"lazy\" class=\"wpb--image-fit\" src=\"https:\/\/www.akunas.com\/wp-content\/uploads\/inmoba\/thumb-all-0.5625-maxwidth-676346.webp\" alt=\"Moderne Villa mit privatem Pool in Vistabella Golf zu verkaufen\" \/>\n\t\t\t\n\t\t\t\t\t<\/a>\n\t<\/div>\n\t<div class=\"wpb--card-body\">\n\t\t<h2 class=\"wpb--card-title\">\n\t\t\t<a class=\"wpb--stretched-link\" href=\"\/de\/eigentum\/verkauf-vistabella-golf-villa-676346\">\n\t\t\t\t\n\t\t\t\tModerne Villa mit privatem Pool in Vistabella Golf zu verkaufen\t\t\t<\/a>\n\t\t<\/h2>\n\t\t<div class=\"wpb--card-data\">\n\n\t\t\t<span class=\"wpb--card-location\">Vistabella Golf - Orihuela<\/span>\n\t\t\t<div class=\"wpb--card-price\">\n\t\t\t\t395.000 &euro;\t\t\t<\/div>\n\t\t<\/div>\n\t<\/div>\n<\/div>\n\t<\/div>\r\n\t<!-- Go to the full list -->\r\n\t\t<div class=\"wpb--center\">\r\n\t\t<a class=\"wpb--btn-outline\" href=\"https:\/\/www.akunas.com\/de\/immobilien?f=sale&c=c60&a&t&r&pf&pt&b\">Mehr anzeigen<\/a>\r\n\t<\/div>\r\n\t\n<\/div>\n\n\n\n<p>Der Erwerb einer&nbsp;<strong>Neubauimmobilie in Orihuela<\/strong>&nbsp;bietet internationalen K\u00e4ufern die M\u00f6glichkeit, modernes Wohnen mit authentischer spanischer Umgebung zu verbinden. Orihuela liegt im s\u00fcdlichen Teil der Costa Blanca und ist eine vielf\u00e4ltige Gemeinde, die historische Binnengebiete, etablierte Wohngebiete und Zugang zu bekannten K\u00fcsten- und Golforten umfasst.<\/p>\n\n\n\n<p>Diese Seite bietet einen detaillierten \u00dcberblick \u00fcber den Markt f\u00fcr Neubauimmobilien in Orihuela, einschlie\u00dflich Informationen zur Lage, zu Immobilientypen, zum Preisniveau und zu den Aspekten, die ausl\u00e4ndische K\u00e4ufer vor dem Kauf beachten sollten.<\/p>\n\n\n\n<h2 class=\"wp-block-heading\">Warum Neubauimmobilien in Orihuela erwerben?<\/h2>\n\n\n\n<p>Orihuela bietet eine Vielfalt, die innerhalb einer einzigen Gemeinde selten zu finden ist.&nbsp;<\/p>\n\n\n\n<p>K\u00e4ufer k\u00f6nnen zwischen Wohngebieten im Landesinneren, etablierten Stadtvierteln, golforientierten Gemeinden und Gebieten mit guter Anbindung an die K\u00fcste w\u00e4hlen, wobei alle von derselben lokalen Infrastruktur und denselben Dienstleistungen profitieren.<\/p>\n\n\n\n<p>Neubauimmobilien in Orihuela sind besonders attraktiv f\u00fcr internationale K\u00e4ufer, die einen modernen Lebensstandard in Kombination mit einer Lage suchen, die das t\u00e4gliche Leben unterst\u00fctzt. Schulen, medizinische Einrichtungen, Einkaufszentren und Verkehrsanbindungen sind gut ausgebaut, sodass Orihuela sowohl f\u00fcr einen dauerhaften Wohnsitz als auch f\u00fcr l\u00e4ngere saisonale Aufenthalte geeignet ist.<\/p>\n\n\n\n<p>Im Vergleich zu den st\u00e4rker besiedelten K\u00fcstenorten bietet Orihuela oft mehr Platz, eine \u00fcbersichtlichere Stadtplanung und einen stabileren Wohncharakter.<\/p>\n\n\n\n<h2 class=\"wp-block-heading\">Immobilien in Orihuela<\/h2>\n\n\n\n<p>Der Immobilienmarkt in Orihuela umfasst eine breite Palette von Immobilientypen, von traditionellen H\u00e4usern im historischen Zentrum bis hin zu modernen Wohngebieten am Rande der Stadt und in den umliegenden Urbanisationen.<\/p>\n\n\n\n<p>In den letzten Jahren hat sich der Schwerpunkt zunehmend auf Neubauprojekte verlagert. Diese Projekte sind in der Regel auf internationale K\u00e4ufer ausgerichtet und entsprechen modernen Standards in Bezug auf Grundriss, Energieeffizienz und Gemeinschaftseinrichtungen.&nbsp;<\/p>\n\n\n\n<p>Anstatt isolierter Bauten sind die meisten Neubauprojekte in Orihuela Teil klar strukturierter Wohngebiete mit Gemeinschaftsfl\u00e4chen und langfristiger Planung.<\/p>\n\n\n\n<h2 class=\"wp-block-heading\">Neubauwohnungen in Orihuela<\/h2>\n\n\n\n<p>Neubauwohnungen in Orihuela bieten in der Regel eine Kombination aus funktionalem Design und pflegeleichtem Wohnen.<\/p>\n\n\n\n<p>K\u00e4ufer profitieren von vorhersehbaren Kaufbedingungen, modernen Einrichtungen und Garantien, die bei \u00e4lteren H\u00e4usern nicht verf\u00fcgbar sind.<\/p>\n\n\n\n<p>Typische Merkmale sind offene Wohnr\u00e4ume, gro\u00dfz\u00fcgige Au\u00dfenbereiche und praktische Grundrisse, die dem modernen Lebensstil entsprechen. Viele Wohnanlagen verf\u00fcgen au\u00dferdem \u00fcber Gemeinschaftspools, Landschaftsg\u00e4rten und private Parkpl\u00e4tze.<\/p>\n\n\n\n<p>Akunas Real Estate \u00fcberwacht unabh\u00e4ngig Neubauprojekte in Orihuela, sodass K\u00e4ufer verschiedene Projekte objektiv vergleichen k\u00f6nnen, anstatt sich auf ein einziges Angebot oder einen einzigen Bautr\u00e4ger beschr\u00e4nken zu m\u00fcssen.<\/p>\n\n\n\n<h2 class=\"wp-block-heading\">Wohnungen in Orihuela<\/h2>\n\n\n\n<p>Neubauwohnungen sind eine beliebte Wahl bei internationalen K\u00e4ufern, die Komfort und Einfachheit suchen. Diese Immobilien befinden sich oft in bewachten Wohnanlagen und bieten eine gute Balance zwischen privatem Wohnraum und gemeinschaftlichen Einrichtungen.<\/p>\n\n\n\n<p>Die meisten neuen Wohnungen in Orihuela verf\u00fcgen \u00fcber zwei oder drei Schlafzimmer, eine private Terrasse und Zugang zu Gemeinschaftsbereichen. Sie eignen sich besonders f\u00fcr K\u00e4ufer, die eine Immobilie suchen, die sie abschlie\u00dfen und verlassen k\u00f6nnen, oder eine Immobilie, die das ganze Jahr \u00fcber flexibel genutzt werden kann.<\/p>\n\n\n\n<h2 class=\"wp-block-heading\">Villen in Orihuela<\/h2>\n\n\n\n<p>F\u00fcr K\u00e4ufer, die mehr Privatsph\u00e4re und Platz suchen, bieten Neubauh\u00e4user in Orihuela eine attraktive Alternative. Diese Immobilien befinden sich in der Regel in d\u00fcnn besiedelten Wohngebieten und sind so konzipiert, dass sie das Leben im Freien maximieren.<\/p>\n\n\n\n<p>Neue Villen verf\u00fcgen oft \u00fcber private Grundst\u00fccke, moderne Innenausstattung und optionale Annehmlichkeiten wie einen Swimmingpool oder eine Dachterrasse. Sie sind ideal f\u00fcr K\u00e4ufer, die planen, dauerhaft oder f\u00fcr einen l\u00e4ngeren Zeitraum nach Spanien zu ziehen.<\/p>\n\n\n\n<h2 class=\"wp-block-heading\">Immobilienpreise in Orihuela<\/h2>\n\n\n\n<p>Die Immobilienpreise in Orihuela liegen im Allgemeinen im mittleren Bereich des Marktes an der Costa Blanca. Obwohl die Preise je nach Lage, Art der Immobilie und Bauqualit\u00e4t variieren, bietet Orihuela im Vergleich zu bekannteren K\u00fcstengebieten oft ein gutes Preis-Leistungs-Verh\u00e4ltnis.<\/p>\n\n\n\n<p>Bei der Beratung von Kunden konzentriert sich Akunas Real Estate weniger auf die Schlagzeilenpreise als vielmehr auf den Gesamtwert, einschlie\u00dflich der Bauqualit\u00e4t, der Eignung der Lage und der langfristigen Marktstabilit\u00e4t.<\/p>\n\n\n\n<h2 class=\"wp-block-heading\">Leben in Orihuela<\/h2>\n\n\n\n<p>Orihuela bietet das ganze Jahr \u00fcber einen authentischen Lebensstil. Die Gegend verbindet das lokale spanische Leben mit einer etablierten internationalen Gemeinschaft, ohne vom saisonalen Tourismus dominiert zu werden.<\/p>\n\n\n\n<p>Die Bewohner profitieren von kulturellen Aktivit\u00e4ten, einer historischen Umgebung und einem Klima, das das ganze Jahr \u00fcber zum Leben im Freien einl\u00e4dt. Gute Stra\u00dfenverbindungen erm\u00f6glichen einen einfachen Zugang zu nahe gelegenen Str\u00e4nden, Golfpl\u00e4tzen und regionalen Flugh\u00e4fen.<\/p>\n\n\n\n<h2 class=\"wp-block-heading\">Kauf von Neubauimmobilien in Orihuela als Ausl\u00e4nder<\/h2>\n\n\n\n<p>Der Kauf einer Immobilie in Spanien als Ausl\u00e4nder ist ein gut etablierter Prozess, erfordert jedoch die richtige Beratung, insbesondere beim Kauf von Neubauten. K\u00e4ufer m\u00fcssen die Zahlungsphasen, Fertigstellungstermine und rechtlichen Schutzma\u00dfnahmen verstehen, die f\u00fcr Off-Plan-Immobilien gelten.<\/p>\n\n\n\n<p>Akunas Real Estate arbeitet mit unabh\u00e4ngigen Rechtsanw\u00e4lten zusammen und stellt sicher, dass K\u00e4ufer jeden Schritt klar verstehen, bevor sie sich verpflichten, damit sie ohne Druck fundierte Entscheidungen treffen k\u00f6nnen.<\/p>\n\n\n\n<h2 class=\"wp-block-heading\">Warum Sie sich f\u00fcr Akunas Real Estate in Orihuela entscheiden sollten<\/h2>\n\n\n\n<p>Akunas Real Estate agiert als unabh\u00e4ngiger Immobilienberater und nicht als traditioneller Verkaufsagent. Das bedeutet, dass unsere Beratung auf Eignung und einer langfristigen Perspektive basiert und nicht auf der F\u00f6rderung bestimmter Projekte.<\/p>\n\n\n\n<p>Kunden sch\u00e4tzen unseren Ansatz, weil wir Folgendes bieten:<\/p>\n\n\n\n<ul class=\"wp-block-list\">\n<li>Objektive Vergleiche zwischen Projekten<\/li>\n\n\n\n<li>Lokale Marktkenntnisse in Orihuela<\/li>\n\n\n\n<li>Klare Erl\u00e4uterungen zu Vorteilen und Einschr\u00e4nkungen<\/li>\n\n\n\n<li>Auf individuelle Ziele zugeschnittene Beratung<\/li>\n<\/ul>\n\n\n\n<p>Unsere Aufgabe ist es, K\u00e4ufern zu helfen, sich sicher auf dem Markt zurechtzufinden.<\/p>\n<\/section>\n\n\n\n<section class=\"wp-block-group jaleo-heroform jaleo-fullwidth is-layout-flow wp-block-group-is-layout-flow\" style=\"margin-top:0;margin-bottom:0;padding-top:0;padding-right:0;padding-bottom:0;padding-left:0\">\n<div class=\"wp-block-group has-background has-global-padding is-layout-constrained wp-container-core-group-is-layout-6226084c wp-block-group-is-layout-constrained\" style=\"background-color:#15252a87;margin-top:0;margin-bottom:0;padding-top:0;padding-right:0;padding-bottom:0;padding-left:0;background-image:url(&apos;https:\/\/www.akunas.com\/wp-content\/uploads\/2025\/04\/costa-calida.webp&apos;);background-position:89% 90%;background-size:cover;\">\n<div class=\"wp-block-columns are-vertically-aligned-center is-layout-flex wp-container-core-columns-is-layout-578b87c1 wp-block-columns-is-layout-flex\" style=\"margin-top:0;margin-bottom:0;padding-top:var(--wp--preset--spacing--10);padding-right:var(--wp--preset--spacing--20);padding-bottom:var(--wp--preset--spacing--10);padding-left:var(--wp--preset--spacing--20)\">\n<div class=\"wp-block-column is-vertically-aligned-center has-global-padding is-layout-constrained wp-container-core-column-is-layout-d3e5fae5 wp-block-column-is-layout-constrained\" style=\"padding-right:0;padding-left:0;flex-basis:60%\">\n<h2 class=\"wp-block-heading has-text-align-left is-style-default has-light-color has-text-color has-link-color has-xx-large-font-size wp-elements-0f2625b7e37de0c56b6ecf3f734b7023\" style=\"margin-top:0;margin-bottom:var(--wp--preset--spacing--10)\">GET IN TOUCH<\/h2>\n\n\n\n<p class=\"has-text-align-left is-style-default has-light-color has-text-color has-link-color has-medium-font-size wp-elements-993bc002f03e549b745d8bf147cf60e8\" style=\"margin-bottom:var(--wp--preset--spacing--40)\">Whether you\u2019re looking to buy a new home, explore off-plan options, or need assistance with any aspect of real estate, we\u2019re here to help. Feel free to reach out to us via&nbsp;<strong>phone at&nbsp;<a href=\"tel:0034951781352\">+34 868 784 752<\/a><\/strong>&nbsp;or&nbsp;<strong><a href=\"https:\/\/wa.me\/34672247386\" target=\"_blank\" rel=\"noreferrer noopener\">WhatsApp<\/a><\/strong>&nbsp;or complete the form to get in touch:<\/p>\n<\/div>\n\n\n\n<div class=\"wp-block-column is-vertically-aligned-center is-layout-flow wp-container-core-column-is-layout-b2a27621 wp-block-column-is-layout-flow\" style=\"padding-top:0;padding-right:0;padding-bottom:0;padding-left:0\">\n<div class=\"wp-block-group has-background is-layout-flow wp-container-core-group-is-layout-65c9e630 wp-block-group-is-layout-flow\" style=\"background-color:#05050599;margin-top:0;margin-bottom:0;padding-top:var(--wp--preset--spacing--30);padding-right:var(--wp--preset--spacing--20);padding-bottom:var(--wp--preset--spacing--10);padding-left:var(--wp--preset--spacing--20)\"><div id=\"wpb__style_container\" class=\"wpb__style_container wpb--container\"><form id=\"property_form\" class=\"wpb--property-form\" action=\"localhost\" method=\"POST\" data-contact=\"property_form\" data-lead-sent-ok=\"Ihre Nachricht wurde gesendet.\" data-sitekey=\"6Lcu70ApAAAAALSclGERBvdFXlfg15po4zMqthx0\">\r\n\t<input type=\"hidden\" name=\"subject\" value=\"Kontakt von Immobilie \/de\/wp-json\/wp\/v2\/pages\/13086\" \/>\r\n\t<input type=\"hidden\" name=\"source\" value=\"https:\/\/www.akunas.com\/de\/wp-json\/wp\/v2\/pages\/13086\" \/>\r\n\t<input type=\"hidden\" name=\"g-recaptcha-response\" value=\"\" \/>\r\n\t<input type=\"hidden\" name=\"success\" value=\"\/de\/erfolg\" \/>\r\n\t\t\r\n\t<input name=\"name\" type=\"text\" autocomplete=\"off\" placeholder=\"Vollst\u00e4ndiger Name\" required data-error=\"Vollst\u00e4ndiger Name erforderlich\" \/>\r\n\t<input name=\"email\" type=\"email\" autocomplete=\"off\" placeholder=\"E-Mail-Adresse\" required data-error=\"E-Mail erforderlich\" \/>\r\n\t<input name=\"intphone\" type=\"tel\" autocomplete=\"off\" placeholder=\"Telefon\" data-error=\"Telefonnummern m\u00fcssen zwischen 8 und 20 Ziffern haben\" \/>\r\n\t<textarea name=\"comment\" rows=\"6\">Write your query<\/textarea>\r\n\t\r\n\t<div class=\"wpb--custom-checkbox\">\r\n\t\t<input type=\"checkbox\" id=\"property_form-property_form-customCheck1\" name=\"privacy_policy\" required data-error=\"Pflichtfeld\" \/>\r\n\t\t<label for=\"property_form-property_form-customCheck1\">Ich akzeptiere die  <a href=\"https:\/\/www.akunas.com\/privacy-policy\" target=\"_blank\">Datenschutzrichtlinie<\/a><\/label>\r\n\t<\/div>\r\n\t<div class=\"wpb--custom-checkbox\">\r\n\t\t<input type=\"checkbox\" id=\"property_form-property_form-customCheck2\" name=\"commercial_information\" \/>\r\n\t\t<label for=\"property_form-property_form-customCheck2\">Ich stimme zu, Informationen per E-Mail zu erhalten<\/label>\r\n\t<\/div>\r\n\t<button data-ids=\"property_form\" data-lang=\"\" class=\"btn wpb--formbutton g-recaptcha\" type=\"submit\"><span id=\"text-send\">Senden<\/span> <span id=\"spinner-send\"><\/span><\/button>\r\n<\/form>\r\n\t<script src=\"https:\/\/www.google.com\/recaptcha\/api.js?render=6Lcu70ApAAAAALSclGERBvdFXlfg15po4zMqthx0&hl=\"><\/script>\r\n<\/div>\n<\/div>\n<\/div>\n<\/div>\n<\/div>\n<\/section>\n","protected":false},"excerpt":{"rendered":"<p>Neubauwohnungen in Orihuela costa blanca Akunas Real Estate bietet Beratung f\u00fcr internationale K\u00e4ufer, die an Neubauimmobilien in Orihuela interessiert sind, einer vielf\u00e4ltigen Gemeinde an der s\u00fcdlichen Costa Blanca, die historischen spanischen Charakter mit gut geplanten Wohngebieten und moderner Infrastruktur verbindet. Orihuela ist bekannt f\u00fcr seine etablierten Stadtviertel, die gute Anbindung an allt\u00e4gliche Dienstleistungen und seine [&hellip;]<\/p>\n","protected":false},"author":7,"featured_media":0,"parent":8569,"menu_order":3,"comment_status":"closed","ping_status":"closed","template":"listings-header","meta":{"_acf_changed":false,"footnotes":""},"tags":[],"class_list":["post-13086","page","type-page","status-publish","hentry"],"acf":[],"_links":{"self":[{"href":"https:\/\/www.akunas.com\/de\/wp-json\/wp\/v2\/pages\/13086","targetHints":{"allow":["GET"]}}],"collection":[{"href":"https:\/\/www.akunas.com\/de\/wp-json\/wp\/v2\/pages"}],"about":[{"href":"https:\/\/www.akunas.com\/de\/wp-json\/wp\/v2\/types\/page"}],"author":[{"embeddable":true,"href":"https:\/\/www.akunas.com\/de\/wp-json\/wp\/v2\/users\/7"}],"replies":[{"embeddable":true,"href":"https:\/\/www.akunas.com\/de\/wp-json\/wp\/v2\/comments?post=13086"}],"version-history":[{"count":1,"href":"https:\/\/www.akunas.com\/de\/wp-json\/wp\/v2\/pages\/13086\/revisions"}],"predecessor-version":[{"id":13094,"href":"https:\/\/www.akunas.com\/de\/wp-json\/wp\/v2\/pages\/13086\/revisions\/13094"}],"up":[{"embeddable":true,"href":"https:\/\/www.akunas.com\/de\/wp-json\/wp\/v2\/pages\/8569"}],"wp:attachment":[{"href":"https:\/\/www.akunas.com\/de\/wp-json\/wp\/v2\/media?parent=13086"}],"wp:term":[{"taxonomy":"post_tag","embeddable":true,"href":"https:\/\/www.akunas.com\/de\/wp-json\/wp\/v2\/tags?post=13086"}],"curies":[{"name":"wp","href":"https:\/\/api.w.org\/{rel}","templated":true}]}}