{"id":13073,"date":"2025-12-30T17:06:29","date_gmt":"2025-12-30T16:06:29","guid":{"rendered":"https:\/\/www.akunas.com\/immobilien-costa-blanca\/new-build-property-la-finca-golf"},"modified":"2025-12-30T17:54:43","modified_gmt":"2025-12-30T16:54:43","slug":"la-finca-golf-neubauwohnungen","status":"publish","type":"page","link":"https:\/\/www.akunas.com\/de\/immobilien-costa-blanca\/la-finca-golf-neubauwohnungen","title":{"rendered":"Neubauwohnungen La Finca Golf"},"content":{"rendered":"\n<section class=\"wp-block-group jaleo-two-columns has-global-padding is-layout-constrained wp-block-group-is-layout-constrained\" style=\"margin-top:var(--wp--preset--spacing--50);margin-bottom:var(--wp--preset--spacing--50)\">\n<div class=\"wp-block-group has-global-padding is-layout-constrained wp-block-group-is-layout-constrained\" style=\"margin-bottom:var(--wp--preset--spacing--30)\">\n<h1 class=\"wp-block-heading jaleo-two-columns-title has-heading-font-family\" style=\"margin-bottom:var(--wp--preset--spacing--10)\">Neubauwohnungen in La Finca Golf<\/h1>\n\n\n\n<p class=\"jaleo-two-columns-subtitle has-golden-color has-text-color has-heading-font-family\" style=\"margin-top:0;margin-bottom:var(--wp--preset--spacing--30);font-style:normal;font-weight:400;text-transform:uppercase\">costa blanca<\/p>\n\n\n\n<p>Akunas Real Estate ber\u00e4t internationale K\u00e4ufer, die an Neubauimmobilien in La Finca Golf interessiert sind, einem etablierten Wohn- und Golfresort in der Gemeinde Algorfa an der Costa Blanca S\u00fcd. La Finca Golf ist bekannt f\u00fcr seine ausgereifte Infrastruktur, klare Wohnstruktur und ganzj\u00e4hrige Lebensqualit\u00e4t und spricht K\u00e4ufer an, die in Spanien ein gut organisiertes Wohnumfeld suchen und keine gro\u00df angelegten oder hochverdichteten Bauprojekte bevorzugen.<\/p>\n\n\n\n<p>Nachstehend finden Sie eine Auswahl der derzeit verf\u00fcgbaren Neubauimmobilien innerhalb des Resorts. Die Verf\u00fcgbarkeit \u00e4ndert sich regelm\u00e4\u00dfig, da die Bauprojekte in Phasen freigegeben werden.<\/p>\n\n\n\n<h2 class=\"wp-block-heading has-text-align-center\"><strong>Available property in La Finca Golf<\/strong><\/h2>\n\n\n\t<div class=\"wpb--card-container wpb--card-container-list\">\r\n\t\t<div class=\"wpb--card double\">\n\t<div class=\"wpb--aspect-box wpb--panoramic\">\n\t\t<a class=\"wpb--stretched-link\" href=\"\/de\/eigentum\/verkauf-la-finca-golf-villa-696800\">\n\t\t\t\t\t\t\t<img decoding=\"async\" loading=\"lazy\" class=\"wpb--image-fit\" src=\"https:\/\/www.akunas.com\/wp-content\/uploads\/inmoba\/thumb-all-0.5625-maxwidth-696800.webp\" alt=\"Villa mit 3 Schlafzimmern zu verkaufen in La Finca Golf\" \/>\n\t\t\t\n\t\t\t\t\t<\/a>\n\t<\/div>\n\t<div class=\"wpb--card-body\">\n\t\t<h2 class=\"wpb--card-title\">\n\t\t\t<a class=\"wpb--stretched-link\" href=\"\/de\/eigentum\/verkauf-la-finca-golf-villa-696800\">\n\t\t\t\t\n\t\t\t\tVilla mit 3 Schlafzimmern zu verkaufen in La Finca Golf\t\t\t<\/a>\n\t\t<\/h2>\n\t\t<div class=\"wpb--card-data\">\n\n\t\t\t<span class=\"wpb--card-location\">La Finca Golf - Algorfa<\/span>\n\t\t\t<div class=\"wpb--card-price\">\n\t\t\t\t535.000 &euro;\t\t\t<\/div>\n\t\t<\/div>\n\t<\/div>\n<\/div>\n<div class=\"wpb--card double\">\n\t<div class=\"wpb--aspect-box wpb--panoramic\">\n\t\t<a class=\"wpb--stretched-link\" href=\"\/de\/eigentum\/verkauf-la-finca-golf-villa-696799\">\n\t\t\t\t\t\t\t<img decoding=\"async\" loading=\"lazy\" class=\"wpb--image-fit\" src=\"https:\/\/www.akunas.com\/wp-content\/uploads\/inmoba\/thumb-all-0.5625-maxwidth-696799.webp\" alt=\"Villa mit 3 Schlafzimmern zu verkaufen in La Finca Golf\" \/>\n\t\t\t\n\t\t\t\t\t<\/a>\n\t<\/div>\n\t<div class=\"wpb--card-body\">\n\t\t<h2 class=\"wpb--card-title\">\n\t\t\t<a class=\"wpb--stretched-link\" href=\"\/de\/eigentum\/verkauf-la-finca-golf-villa-696799\">\n\t\t\t\t\n\t\t\t\tVilla mit 3 Schlafzimmern zu verkaufen in La Finca Golf\t\t\t<\/a>\n\t\t<\/h2>\n\t\t<div class=\"wpb--card-data\">\n\n\t\t\t<span class=\"wpb--card-location\">La Finca Golf - Algorfa<\/span>\n\t\t\t<div class=\"wpb--card-price\">\n\t\t\t\t478.000 &euro;\t\t\t<\/div>\n\t\t<\/div>\n\t<\/div>\n<\/div>\n<div class=\"wpb--card\">\n\t<div class=\"wpb--aspect-box wpb--panoramic\">\n\t\t<a class=\"wpb--stretched-link\" href=\"\/de\/eigentum\/verkauf-la-finca-golf-villa-696708\">\n\t\t\t\t\t\t\t<img decoding=\"async\" loading=\"lazy\" class=\"wpb--image-fit\" src=\"https:\/\/www.akunas.com\/wp-content\/uploads\/inmoba\/thumb-all-0.5625-maxwidth-696708.webp\" alt=\"Villa mit Sonnenterrasse zu verkaufen in La Finca Golf, Algorfa\" \/>\n\t\t\t\n\t\t\t\t\t<\/a>\n\t<\/div>\n\t<div class=\"wpb--card-body\">\n\t\t<h2 class=\"wpb--card-title\">\n\t\t\t<a class=\"wpb--stretched-link\" href=\"\/de\/eigentum\/verkauf-la-finca-golf-villa-696708\">\n\t\t\t\t\n\t\t\t\tVilla mit Sonnenterrasse zu verkaufen in La Finca Golf, Algorfa\t\t\t<\/a>\n\t\t<\/h2>\n\t\t<div class=\"wpb--card-data\">\n\n\t\t\t<span class=\"wpb--card-location\">La Finca Golf - Algorfa<\/span>\n\t\t\t<div class=\"wpb--card-price\">\n\t\t\t\t670.000 &euro;\t\t\t<\/div>\n\t\t<\/div>\n\t<\/div>\n<\/div>\n<div class=\"wpb--card\">\n\t<div class=\"wpb--aspect-box wpb--panoramic\">\n\t\t<a class=\"wpb--stretched-link\" href=\"\/de\/eigentum\/verkauf-la-finca-golf-penthaus-696707\">\n\t\t\t\t\t\t\t<img decoding=\"async\" loading=\"lazy\" class=\"wpb--image-fit\" src=\"https:\/\/www.akunas.com\/wp-content\/uploads\/inmoba\/thumb-all-0.5625-maxwidth-696707.webp\" alt=\"Wohnung mit eigener Dachterrasse und Blick auf den Golfplatz in La Finca Golf\" \/>\n\t\t\t\n\t\t\t\t\t<\/a>\n\t<\/div>\n\t<div class=\"wpb--card-body\">\n\t\t<h2 class=\"wpb--card-title\">\n\t\t\t<a class=\"wpb--stretched-link\" href=\"\/de\/eigentum\/verkauf-la-finca-golf-penthaus-696707\">\n\t\t\t\t\n\t\t\t\tWohnung mit eigener Dachterrasse und Blick auf den Golfplatz in La Finca Golf\t\t\t<\/a>\n\t\t<\/h2>\n\t\t<div class=\"wpb--card-data\">\n\n\t\t\t<span class=\"wpb--card-location\">La Finca Golf - Algorfa<\/span>\n\t\t\t<div class=\"wpb--card-price\">\n\t\t\t\t302.000 &euro;\t\t\t<\/div>\n\t\t<\/div>\n\t<\/div>\n<\/div>\n<div class=\"wpb--card\">\n\t<div class=\"wpb--aspect-box wpb--panoramic\">\n\t\t<a class=\"wpb--stretched-link\" href=\"\/de\/eigentum\/verkauf-la-finca-golf-wohnung-696705\">\n\t\t\t\t\t\t\t<img decoding=\"async\" loading=\"lazy\" class=\"wpb--image-fit\" src=\"https:\/\/www.akunas.com\/wp-content\/uploads\/inmoba\/thumb-all-0.5625-maxwidth-696705.webp\" alt=\"Wohnung mit 2 Schlafzimmern zum Verkauf in La Finca Golf, Algorfa\" \/>\n\t\t\t\n\t\t\t\t\t<\/a>\n\t<\/div>\n\t<div class=\"wpb--card-body\">\n\t\t<h2 class=\"wpb--card-title\">\n\t\t\t<a class=\"wpb--stretched-link\" href=\"\/de\/eigentum\/verkauf-la-finca-golf-wohnung-696705\">\n\t\t\t\t\n\t\t\t\tWohnung mit 2 Schlafzimmern zum Verkauf in La Finca Golf, Algorfa\t\t\t<\/a>\n\t\t<\/h2>\n\t\t<div class=\"wpb--card-data\">\n\n\t\t\t<span class=\"wpb--card-location\">La Finca Golf - Algorfa<\/span>\n\t\t\t<div class=\"wpb--card-price\">\n\t\t\t\t277.000 &euro;\t\t\t<\/div>\n\t\t<\/div>\n\t<\/div>\n<\/div>\n\t<\/div>\r\n\t<!-- Go to the full list -->\r\n\t\t<div class=\"wpb--center\">\r\n\t\t<a class=\"wpb--btn-outline\" href=\"https:\/\/www.akunas.com\/de\/immobilien?f=sale&c=c52&a=a74254&t&r&pf&pt&b\">Mehr anzeigen<\/a>\r\n\t<\/div>\r\n\t\n<\/div>\n\n\n\n<p>Neubauimmobilien in La Finca Golf ziehen weiterhin internationale K\u00e4ufer an, die auf der Suche nach modernen H\u00e4usern in einem etablierten und gut organisierten Golfresort an der Costa Blanca S\u00fcd sind. La Finca Golf befindet sich in der Gemeinde Algorfa, einer traditionellen Stadt im Landesinneren, die eine ruhige Wohnumgebung bietet und gleichzeitig gut an nahegelegene St\u00e4dte, Str\u00e4nde und wichtige Verkehrswege angebunden ist.<\/p>\n\n\n\n<p>Im Gegensatz zu neu gestarteten Projekten, die sich noch in der Entwicklung befinden, bietet La Finca Golf ein ausgereiftes Wohnumfeld, in dem Infrastruktur, Dienstleistungen und Wohngebiete bereits vollst\u00e4ndig vorhanden sind. Dies verschafft K\u00e4ufern Klarheit dar\u00fcber, wie das Resort heute aussieht und wie es im Alltag funktioniert. Daher sprechen Neubauimmobilien in La Finca Golf eher K\u00e4ufer an, die langfristigen Komfort und praktisches Wohnen in Spanien suchen, als K\u00e4ufer, die an kurzfristigen oder spekulativen Projekten interessiert sind.<\/p>\n\n\n\n<h2 class=\"wp-block-heading\">Warum eine Immobilie in La Finca Golf erwerben?<\/h2>\n\n\n\n<p>La Finca Golf hat sich als eines der renommiertesten Wohn- und Golfresorts an der Costa Blanca S\u00fcd etabliert. Das Resort wurde im Laufe der Zeit mit einem klaren Fokus auf Wohnqualit\u00e4t statt auf schnelle Expansion entwickelt. Dieser langfristige Ansatz spiegelt sich in der Gestaltung, dem Umfang der Bebauung und der Gesamtatmosph\u00e4re der Gegend wider.<\/p>\n\n\n\n<p>K\u00e4ufer f\u00fchlen sich von La Finca Golf angezogen, weil es ein strukturiertes und vorhersehbares Wohnumfeld bietet. Die Stra\u00dfen sind breit und gut gepflegt, die Wohngebiete sind klar abgegrenzt und die gemeinsamen Einrichtungen sind logisch in das Resort integriert. Dies schafft ein Gef\u00fchl von Ordnung und Ruhe, das viele internationale K\u00e4ufer sch\u00e4tzen, insbesondere diejenigen, die einen l\u00e4ngeren Aufenthalt oder einen dauerhaften Umzug in Betracht ziehen.<\/p>\n\n\n\n<p>Ein weiterer wichtiger Faktor ist die Balance zwischen Privatsph\u00e4re und Erreichbarkeit. La Finca Golf genie\u00dft zwar eine Lage im Landesinneren mit offener Umgebung, ist aber dennoch bequem mit dem Auto von den K\u00fcstengebieten, Einkaufszentren, medizinischen Einrichtungen und Flugh\u00e4fen aus zu erreichen. Dies macht es f\u00fcr K\u00e4ufer geeignet, die Platz und Ruhe suchen, ohne sich isoliert zu f\u00fchlen.<\/p>\n\n\n\n<h2 class=\"wp-block-heading\">Immobilien in La Finca Golf<\/h2>\n\n\n\n<p>Die Immobilien in La Finca Golf bestehen haupts\u00e4chlich aus modernen Apartments und freistehenden Villen, die alle innerhalb eines einheitlichen Wohnrahmens entworfen wurden.&nbsp;<\/p>\n\n\n\n<p>Die Neubauten befinden sich in ausgewiesenen Zonen des Resorts, oft in der N\u00e4he des Golfplatzes oder so positioniert, dass sie einen freien Blick auf die umliegende Landschaft bieten.&nbsp;<\/p>\n\n\n\n<p>Das Resort hat einen ausgepr\u00e4gten Wohncharakter. Viele Hausbesitzer leben das ganze Jahr \u00fcber hier, was zu einer stabilen Gemeinschaft beitr\u00e4gt und sicherstellt, dass die Einrichtungen und Dienstleistungen auch au\u00dferhalb der Hauptferienzeiten aktiv bleiben. Diese ganzj\u00e4hrige Pr\u00e4senz unterscheidet La Finca Golf von eher saisonalen Reisezielen.<\/p>\n\n\n\n<p>Der architektonische Stil des Resorts ist zeitgem\u00e4\u00df, aber zur\u00fcckhaltend. Der Schwerpunkt liegt auf praktischem Wohnen, komfortablen Grundrissen und der Integration in die Umgebung und nicht auf gewagten oder experimentellen Designentscheidungen.<\/p>\n\n\n\n<h2 class=\"wp-block-heading\">Neubauimmobilien in La Finca Golf<\/h2>\n\n\n\n<p>Neubauimmobilien in La Finca Golf werden in der Regel in sorgf\u00e4ltig geplanten Phasen auf den Markt gebracht. Diese schrittweise Entwicklung stellt sicher, dass sich neue Projekte reibungslos in die bestehende Umgebung integrieren und der allgemeine Wohncharakter des Resorts erhalten bleibt.<\/p>\n\n\n\n<p>Die H\u00e4user werden nach modernen Baustandards gebaut, wobei Wert auf Isolierung, Energieeffizienz und funktionale Grundrisse gelegt wird. Gro\u00dfe Fenster, offene Wohnbereiche und gut gestaltete Au\u00dfenbereiche sind gemeinsame Merkmale, die es den Bewohnern erm\u00f6glichen, das mediterrane Klima in vollen Z\u00fcgen zu genie\u00dfen.<\/p>\n\n\n\n<p>Je nach Bauphase haben K\u00e4ufer die M\u00f6glichkeit, bestimmte Ausstattungsmerkmale oder Upgrades auszuw\u00e4hlen. Akunas Real Estate unterst\u00fctzt K\u00e4ufer dabei, zu verstehen, was realistisch m\u00f6glich ist, was standardm\u00e4\u00dfig enthalten ist und wie die Zahlungsphasen w\u00e4hrend des gesamten Bauprozesses strukturiert sind.<\/p>\n\n\n\n<h2 class=\"wp-block-heading\">Wohnungen in La Finca Golf<\/h2>\n\n\n\n<p>Wohnungen in La Finca Golf sind eine beliebte Option f\u00fcr K\u00e4ufer, die eine pflegeleichte Immobilie in einer verwalteten Wohnanlage suchen. Diese Immobilien sind in der Regel Teil von geschlossenen Wohnanlagen mit Gemeinschaftsg\u00e4rten, Swimmingpools und gemeinsamen Au\u00dfenbereichen.<\/p>\n\n\n\n<p>Die neu gebauten Wohnungen sind auf Komfort und Praktikabilit\u00e4t ausgelegt. Die Grundrisse umfassen oft offene Wohnbereiche, die mit gro\u00dfz\u00fcgigen Terrassen verbunden sind und einen nat\u00fcrlichen \u00dcbergang zwischen Innen- und Au\u00dfenbereich schaffen. Wohnungen im Erdgeschoss verf\u00fcgen m\u00f6glicherweise \u00fcber private G\u00e4rten, w\u00e4hrend Wohnungen in den oberen Etagen oft \u00fcber Dachterrassen mit freiem Blick verf\u00fcgen.<\/p>\n\n\n\n<p>Wohnungen eignen sich besonders gut f\u00fcr K\u00e4ufer von Zweitwohnungen, Saisonbewohner oder diejenigen, die eine Immobilie bevorzugen, die sie einfach abschlie\u00dfen und verlassen k\u00f6nnen, ohne die Verantwortung f\u00fcr die Pflege eines gr\u00f6\u00dferen Grundst\u00fccks zu tragen.<\/p>\n\n\n\n<h2 class=\"wp-block-heading\">Villen in La Finca Golf<\/h2>\n\n\n\n<p>Bei den Villen in La Finca Golf handelt es sich vor allem um moderne Einfamilienh\u00e4user, die mehr Platz und Privatsph\u00e4re bieten. Diese Villen werden in der Regel auf einzelnen Grundst\u00fccken innerhalb der Wohngebiete des Resorts gebaut und sind f\u00fcr ein unabh\u00e4ngiges Leben konzipiert.<\/p>\n\n\n\n<p>Die Grundrisse betonen das Leben im Innen- und Au\u00dfenbereich, wobei die Wohnbereiche direkt auf Terrassen und G\u00e4rten hinausf\u00fchren. Viele Villen verf\u00fcgen \u00fcber einen privaten Parkplatz und die M\u00f6glichkeit eines privaten Swimmingpools, sodass K\u00e4ufer das Haus an ihren bevorzugten Lebensstil anpassen k\u00f6nnen.<\/p>\n\n\n\n<p>Villen sind attraktiv f\u00fcr K\u00e4ufer, die einen l\u00e4ngeren Aufenthalt oder einen dauerhaften Wohnsitz planen, sowie f\u00fcr diejenigen, die Wert auf Privatsph\u00e4re legen und gleichzeitig von der Organisation und den Einrichtungen eines Golfresorts profitieren m\u00f6chten.<\/p>\n\n\n\n<h2 class=\"wp-block-heading\">Immobilienpreise in La Finca Golf<\/h2>\n\n\n\n<p>Die Immobilienpreise in La Finca Golf spiegeln den etablierten Charakter des Resorts, die Qualit\u00e4t der Bauweise und seine Lage an der Costa Blanca S\u00fcd wider. Neubauimmobilien liegen in der Regel im mittleren bis h\u00f6heren Segment des lokalen Marktes.<\/p>\n\n\n\n<p>Die Preise variieren je nach Art der Immobilie, Gr\u00f6\u00dfe, Aussicht und genauer Lage innerhalb des Resorts. Apartments und Villen unterscheiden sich erheblich sowohl im Kaufpreis als auch in den laufenden Kosten, weshalb es wichtig ist, den Wert \u00fcber die Schlagzeilen hinaus zu bewerten.<\/p>\n\n\n\n<p>Akunas Real Estate unterst\u00fctzt K\u00e4ufer dabei, sich ein umfassendes Bild von den finanziellen Aspekten zu machen, einschlie\u00dflich der Gemeinschaftsgeb\u00fchren, der Instandhaltungskosten und der langfristigen Eigentumskosten, damit Entscheidungen mit realistischen Erwartungen getroffen werden k\u00f6nnen.<\/p>\n\n\n\n<h2 class=\"wp-block-heading\">Leben in La Finca Golf<\/h2>\n\n\n\n<p>Das Leben in La Finca Golf bietet einen ruhigen und strukturierten Lebensstil. Die Bewohner profitieren von den Annehmlichkeiten vor Ort, wie dem Golfclubhaus, Restaurants und Sportanlagen, w\u00e4hrend die nahe gelegenen St\u00e4dte Superm\u00e4rkte, Gesundheitsdienste und andere Dinge des t\u00e4glichen Bedarfs bieten.<\/p>\n\n\n\n<p>Als Teil der Gemeinde Algorfa genie\u00dfen die Bewohner Zugang zu lokalen Dienstleistungen und profitieren gleichzeitig von der Weite und Organisation einer Golfresort-Umgebung. Die umliegende Landschaft bietet einen freien Blick und ein Gef\u00fchl von Weite, das von internationalen K\u00e4ufern zunehmend gesch\u00e4tzt wird.<\/p>\n\n\n\n<p>Die Gemeinde ist international, mit vielen Einwohnern aus Belgien, den Niederlanden und anderen nordeurop\u00e4ischen L\u00e4ndern. Dies schafft eine ausgewogene und ganzj\u00e4hrige Wohnatmosph\u00e4re und nicht nur eine rein urlaubsorientierte Umgebung.<\/p>\n\n\n\n<h2 class=\"wp-block-heading\">Immobilienkauf in La Finca Golf als Ausl\u00e4nder<\/h2>\n\n\n\n<p>Der Kauf einer Immobilie in La Finca Golf als Ausl\u00e4nder folgt dem \u00fcblichen spanischen Rechtsverfahren. Beim Kauf eines Neubaus sind zus\u00e4tzliche Aspekte zu ber\u00fccksichtigen, wie z. B. Ratenzahlungen, Bauzeitpl\u00e4ne und gesetzlich vorgeschriebene Garantien.<\/p>\n\n\n\n<p>Das Verst\u00e4ndnis dieser Elemente ist f\u00fcr einen sicheren Kauf unerl\u00e4sslich. Akunas Real Estate bietet klare Erkl\u00e4rungen zu jedem Schritt und hilft K\u00e4ufern, den Prozess sicher zu durchlaufen und unn\u00f6tige Risiken zu vermeiden.<\/p>\n\n\n\n<p>Unsere Aufgabe ist es, K\u00e4ufer objektiv zu beraten und sicherzustellen, dass Entscheidungen auf Verst\u00e4ndnis und nicht auf Dringlichkeit oder Verkaufsdruck basieren.<\/p>\n\n\n\n<h2 class=\"wp-block-heading\">Warum Sie sich f\u00fcr Akunas Real Estate in La Finca Golf entscheiden sollten<\/h2>\n\n\n\n<p>Akunas Real Estate ber\u00e4t internationale K\u00e4ufer als unabh\u00e4ngiger Immobilienberater. Wir sind nicht an bestimmte Bautr\u00e4ger oder Projekte in La Finca Golf gebunden, sodass wir eine objektive Beratung anbieten k\u00f6nnen.<\/p>\n\n\n\n<p>Wir unterst\u00fctzen K\u00e4ufer dabei, verf\u00fcgbare Neubauoptionen zu vergleichen, die Unterschiede zwischen den Wohngebieten zu verstehen und zu beurteilen, ob La Finca Golf zu ihrem Lebensstil oder ihren langfristigen Pl\u00e4nen in Spanien passt.<\/p>\n<\/section>\n\n\n\n<section class=\"wp-block-group jaleo-heroform jaleo-fullwidth is-layout-flow wp-block-group-is-layout-flow\" style=\"margin-top:0;margin-bottom:0;padding-top:0;padding-right:0;padding-bottom:0;padding-left:0\">\n<div class=\"wp-block-group has-background has-global-padding is-layout-constrained wp-container-core-group-is-layout-6226084c wp-block-group-is-layout-constrained\" style=\"background-color:#15252a87;margin-top:0;margin-bottom:0;padding-top:0;padding-right:0;padding-bottom:0;padding-left:0;background-image:url(&apos;https:\/\/www.akunas.com\/wp-content\/uploads\/2025\/04\/costa-calida.webp&apos;);background-position:89% 90%;background-size:cover;\">\n<div class=\"wp-block-columns are-vertically-aligned-center is-layout-flex wp-container-core-columns-is-layout-578b87c1 wp-block-columns-is-layout-flex\" style=\"margin-top:0;margin-bottom:0;padding-top:var(--wp--preset--spacing--10);padding-right:var(--wp--preset--spacing--20);padding-bottom:var(--wp--preset--spacing--10);padding-left:var(--wp--preset--spacing--20)\">\n<div class=\"wp-block-column is-vertically-aligned-center has-global-padding is-layout-constrained wp-container-core-column-is-layout-d3e5fae5 wp-block-column-is-layout-constrained\" style=\"padding-right:0;padding-left:0;flex-basis:60%\">\n<h2 class=\"wp-block-heading has-text-align-left is-style-default has-light-color has-text-color has-link-color has-xx-large-font-size wp-elements-0f2625b7e37de0c56b6ecf3f734b7023\" style=\"margin-top:0;margin-bottom:var(--wp--preset--spacing--10)\">GET IN TOUCH<\/h2>\n\n\n\n<p class=\"has-text-align-left is-style-default has-light-color has-text-color has-link-color has-medium-font-size wp-elements-993bc002f03e549b745d8bf147cf60e8\" style=\"margin-bottom:var(--wp--preset--spacing--40)\">Whether you\u2019re looking to buy a new home, explore off-plan options, or need assistance with any aspect of real estate, we\u2019re here to help. Feel free to reach out to us via&nbsp;<strong>phone at&nbsp;<a href=\"tel:0034951781352\">+34 868 784 752<\/a><\/strong>&nbsp;or&nbsp;<strong><a href=\"https:\/\/wa.me\/34672247386\" target=\"_blank\" rel=\"noreferrer noopener\">WhatsApp<\/a><\/strong>&nbsp;or complete the form to get in touch:<\/p>\n<\/div>\n\n\n\n<div class=\"wp-block-column is-vertically-aligned-center is-layout-flow wp-container-core-column-is-layout-b2a27621 wp-block-column-is-layout-flow\" style=\"padding-top:0;padding-right:0;padding-bottom:0;padding-left:0\">\n<div class=\"wp-block-group has-background is-layout-flow wp-container-core-group-is-layout-65c9e630 wp-block-group-is-layout-flow\" style=\"background-color:#05050599;margin-top:0;margin-bottom:0;padding-top:var(--wp--preset--spacing--30);padding-right:var(--wp--preset--spacing--20);padding-bottom:var(--wp--preset--spacing--10);padding-left:var(--wp--preset--spacing--20)\"><div id=\"wpb__style_container\" class=\"wpb__style_container wpb--container\"><form id=\"property_form\" class=\"wpb--property-form\" action=\"localhost\" method=\"POST\" data-contact=\"property_form\" data-lead-sent-ok=\"Ihre Nachricht wurde gesendet.\" data-sitekey=\"6Lcu70ApAAAAALSclGERBvdFXlfg15po4zMqthx0\">\r\n\t<input type=\"hidden\" name=\"subject\" value=\"Kontakt von Immobilie \/de\/wp-json\/wp\/v2\/pages\/13073\" \/>\r\n\t<input type=\"hidden\" name=\"source\" value=\"https:\/\/www.akunas.com\/de\/wp-json\/wp\/v2\/pages\/13073\" \/>\r\n\t<input type=\"hidden\" name=\"g-recaptcha-response\" value=\"\" \/>\r\n\t<input type=\"hidden\" name=\"success\" value=\"\/de\/erfolg\" \/>\r\n\t\t\r\n\t<input name=\"name\" type=\"text\" autocomplete=\"off\" placeholder=\"Vollst\u00e4ndiger Name\" required data-error=\"Vollst\u00e4ndiger Name erforderlich\" \/>\r\n\t<input name=\"email\" type=\"email\" autocomplete=\"off\" placeholder=\"E-Mail-Adresse\" required data-error=\"E-Mail erforderlich\" \/>\r\n\t<input name=\"intphone\" type=\"tel\" autocomplete=\"off\" placeholder=\"Telefon\" data-error=\"Telefonnummern m\u00fcssen zwischen 8 und 20 Ziffern haben\" \/>\r\n\t<textarea name=\"comment\" rows=\"6\">Write your query<\/textarea>\r\n\t\r\n\t<div class=\"wpb--custom-checkbox\">\r\n\t\t<input type=\"checkbox\" id=\"property_form-property_form-customCheck1\" name=\"privacy_policy\" required data-error=\"Pflichtfeld\" \/>\r\n\t\t<label for=\"property_form-property_form-customCheck1\">Ich akzeptiere die  <a href=\"https:\/\/www.akunas.com\/privacy-policy\" target=\"_blank\">Datenschutzrichtlinie<\/a><\/label>\r\n\t<\/div>\r\n\t<div class=\"wpb--custom-checkbox\">\r\n\t\t<input type=\"checkbox\" id=\"property_form-property_form-customCheck2\" name=\"commercial_information\" \/>\r\n\t\t<label for=\"property_form-property_form-customCheck2\">Ich stimme zu, Informationen per E-Mail zu erhalten<\/label>\r\n\t<\/div>\r\n\t<button data-ids=\"property_form\" data-lang=\"\" class=\"btn wpb--formbutton g-recaptcha\" type=\"submit\"><span id=\"text-send\">Senden<\/span> <span id=\"spinner-send\"><\/span><\/button>\r\n<\/form>\r\n\t<script src=\"https:\/\/www.google.com\/recaptcha\/api.js?render=6Lcu70ApAAAAALSclGERBvdFXlfg15po4zMqthx0&hl=\"><\/script>\r\n<\/div>\n<\/div>\n<\/div>\n<\/div>\n<\/div>\n<\/section>\n","protected":false},"excerpt":{"rendered":"<p>Neubauwohnungen in La Finca Golf costa blanca Akunas Real Estate ber\u00e4t internationale K\u00e4ufer, die an Neubauimmobilien in La Finca Golf interessiert sind, einem etablierten Wohn- und Golfresort in der Gemeinde Algorfa an der Costa Blanca S\u00fcd. La Finca Golf ist bekannt f\u00fcr seine ausgereifte Infrastruktur, klare Wohnstruktur und ganzj\u00e4hrige Lebensqualit\u00e4t und spricht K\u00e4ufer an, die [&hellip;]<\/p>\n","protected":false},"author":7,"featured_media":0,"parent":8569,"menu_order":2,"comment_status":"closed","ping_status":"closed","template":"listings-header","meta":{"_acf_changed":false,"footnotes":""},"tags":[],"class_list":["post-13073","page","type-page","status-publish","hentry"],"acf":[],"_links":{"self":[{"href":"https:\/\/www.akunas.com\/de\/wp-json\/wp\/v2\/pages\/13073","targetHints":{"allow":["GET"]}}],"collection":[{"href":"https:\/\/www.akunas.com\/de\/wp-json\/wp\/v2\/pages"}],"about":[{"href":"https:\/\/www.akunas.com\/de\/wp-json\/wp\/v2\/types\/page"}],"author":[{"embeddable":true,"href":"https:\/\/www.akunas.com\/de\/wp-json\/wp\/v2\/users\/7"}],"replies":[{"embeddable":true,"href":"https:\/\/www.akunas.com\/de\/wp-json\/wp\/v2\/comments?post=13073"}],"version-history":[{"count":1,"href":"https:\/\/www.akunas.com\/de\/wp-json\/wp\/v2\/pages\/13073\/revisions"}],"predecessor-version":[{"id":13077,"href":"https:\/\/www.akunas.com\/de\/wp-json\/wp\/v2\/pages\/13073\/revisions\/13077"}],"up":[{"embeddable":true,"href":"https:\/\/www.akunas.com\/de\/wp-json\/wp\/v2\/pages\/8569"}],"wp:attachment":[{"href":"https:\/\/www.akunas.com\/de\/wp-json\/wp\/v2\/media?parent=13073"}],"wp:term":[{"taxonomy":"post_tag","embeddable":true,"href":"https:\/\/www.akunas.com\/de\/wp-json\/wp\/v2\/tags?post=13073"}],"curies":[{"name":"wp","href":"https:\/\/api.w.org\/{rel}","templated":true}]}}