{"id":11725,"date":"2025-06-25T09:26:11","date_gmt":"2025-06-25T07:26:11","guid":{"rendered":"https:\/\/www.akunas.com\/?page_id=11725"},"modified":"2025-06-25T09:26:12","modified_gmt":"2025-06-25T07:26:12","slug":"erfolg-newsletter","status":"publish","type":"page","link":"https:\/\/www.akunas.com\/de\/erfolg-newsletter","title":{"rendered":"erfolg newsletter"},"content":{"rendered":"\n<div class=\"wp-block-group jaleo--container-75-center wpb--text-center has-global-padding is-layout-constrained wp-block-group-is-layout-constrained\" style=\"padding-top:var(--wp--preset--spacing--60)\">\n<h1 class=\"wp-block-heading has-text-align-center\">Vielen Dank f\u00fcr Ihre Anmeldung zu unserem Newsletter<\/h1>\n\n\n\n<p class=\"has-text-align-center has-lead-font-size\">Wenn Sie Fragen haben oder weitere Unterst\u00fctzung ben\u00f6tigen, z\u00f6gern Sie bitte nicht, uns zu kontaktieren. Wir helfen Ihnen jederzeit gern weiter.<br><br>Vielen Dank nochmals f\u00fcr Ihre Anmeldung. Wir freuen uns, Sie auf dem Laufenden zu halten.<\/p>\n\n\n\n<div class=\"wp-block-buttons is-content-justification-center is-layout-flex wp-container-core-buttons-is-layout-dc4f92c6 wp-block-buttons-is-layout-flex\" style=\"margin-top:var(--wp--preset--spacing--30);margin-bottom:var(--wp--preset--spacing--50)\">\n<div class=\"wp-block-button\"><a class=\"wp-block-button__link wp-element-button\" href=\"javascript:history.back()\">Zur\u00fcck<\/a><\/div>\n<\/div>\n<\/div>\n","protected":false},"excerpt":{"rendered":"<p>Vielen Dank f\u00fcr Ihre Anmeldung zu unserem Newsletter Wenn Sie Fragen haben oder weitere Unterst\u00fctzung ben\u00f6tigen, z\u00f6gern Sie bitte nicht, uns zu kontaktieren. Wir helfen Ihnen jederzeit gern weiter. Vielen Dank nochmals f\u00fcr Ihre Anmeldung. Wir freuen uns, Sie auf dem Laufenden zu halten.<\/p>\n","protected":false},"author":2,"featured_media":0,"parent":0,"menu_order":17,"comment_status":"closed","ping_status":"closed","template":"solid-header","meta":{"_acf_changed":false,"footnotes":""},"tags":[],"class_list":["post-11725","page","type-page","status-publish","hentry"],"acf":[],"_links":{"self":[{"href":"https:\/\/www.akunas.com\/de\/wp-json\/wp\/v2\/pages\/11725","targetHints":{"allow":["GET"]}}],"collection":[{"href":"https:\/\/www.akunas.com\/de\/wp-json\/wp\/v2\/pages"}],"about":[{"href":"https:\/\/www.akunas.com\/de\/wp-json\/wp\/v2\/types\/page"}],"author":[{"embeddable":true,"href":"https:\/\/www.akunas.com\/de\/wp-json\/wp\/v2\/users\/2"}],"replies":[{"embeddable":true,"href":"https:\/\/www.akunas.com\/de\/wp-json\/wp\/v2\/comments?post=11725"}],"version-history":[{"count":1,"href":"https:\/\/www.akunas.com\/de\/wp-json\/wp\/v2\/pages\/11725\/revisions"}],"predecessor-version":[{"id":11847,"href":"https:\/\/www.akunas.com\/de\/wp-json\/wp\/v2\/pages\/11725\/revisions\/11847"}],"wp:attachment":[{"href":"https:\/\/www.akunas.com\/de\/wp-json\/wp\/v2\/media?parent=11725"}],"wp:term":[{"taxonomy":"post_tag","embeddable":true,"href":"https:\/\/www.akunas.com\/de\/wp-json\/wp\/v2\/tags?post=11725"}],"curies":[{"name":"wp","href":"https:\/\/api.w.org\/{rel}","templated":true}]}}