{"id":11431,"date":"2025-06-23T16:17:15","date_gmt":"2025-06-23T14:17:15","guid":{"rendered":"https:\/\/www.akunas.com\/careers"},"modified":"2026-02-15T13:17:27","modified_gmt":"2026-02-15T12:17:27","slug":"suchindex","status":"publish","type":"page","link":"https:\/\/www.akunas.com\/de\/suchindex","title":{"rendered":"Suchindex"},"content":{"rendered":"\n<div class=\"wp-block-group has-base-3-background-color has-background has-global-padding is-layout-constrained wp-container-core-group-is-layout-5c6dc492 wp-block-group-is-layout-constrained\" style=\"margin-top:0;margin-bottom:var(--wp--preset--spacing--40);padding-top:0;padding-right:0;padding-bottom:0;padding-left:0\">\n<div class=\"wp-block-group has-global-padding is-layout-constrained wp-container-core-group-is-layout-570efc33 wp-block-group-is-layout-constrained\" style=\"padding-top:var(--wp--preset--spacing--30);padding-right:var(--wp--preset--spacing--30);padding-bottom:var(--wp--preset--spacing--30);padding-left:var(--wp--preset--spacing--30)\">\n<h1 class=\"wp-block-heading has-text-align-center is-style-default has-light-color has-text-color has-link-color has-xx-large-font-size wp-elements-4d56b34c62076d6b776d2248ebe07df8\"><strong>Suchindex<\/strong><\/h1>\n<\/div>\n<\/div>\n\n\n\n<div class=\"wp-block-group has-global-padding is-layout-constrained wp-container-core-group-is-layout-47906792 wp-block-group-is-layout-constrained\" style=\"margin-bottom:var(--wp--preset--spacing--50);padding-right:var(--wp--preset--spacing--20);padding-left:var(--wp--preset--spacing--20)\">\n<h1 class=\"wp-block-heading has-text-align-center\"><strong>Immobilienregionen Spanien<\/strong><\/h1>\n\n\n\n<p>Akunas Real Estate ist spezialisiert auf moderne Wohnimmobilien und Neubauprojekte an der Costa Blanca, Costa C\u00e1lida, Costa Almer\u00eda und der Costa del Sol. Auf dieser Seite finden Sie eine strukturierte \u00dcbersicht unserer speziellen Landingpages, \u00fcbersichtlich geordnet nach Region, Standort und wichtigen Immobilienmerkmalen.<\/p>\n\n\n\n<p>Hier k\u00f6nnen Sie verschiedene Standorte erkunden, Immobilientypen vergleichen und gezielte Suchseiten aufrufen, wie beispielsweise Neubauimmobilien, Villen, Apartments oder Immobilien mit besonderen Ausstattungsmerkmalen wie Pool oder Meerblick. Jede Landingpage bietet detaillierte Informationen zur Umgebung, zum Lebensstil und zu den verf\u00fcgbaren M\u00f6glichkeiten.<\/p>\n\n\n\n<p>Nutzen Sie dieses Verzeichnis, um direkt zu der Region und dem Immobilientyp zu navigieren, der am besten zu Ihren W\u00fcnschen passt.<\/p>\n\n\n\n<ul class=\"wp-block-list\">\n<li style=\"margin-left:var(--wp--preset--spacing--20)\"><a href=\"https:\/\/www.akunas.com\/de\/immobilien-costa-blanca\/orihuela-neubauwohnungen\">Neubauwohnungen in Orihuela<\/a><\/li>\n\n\n\n<li style=\"margin-left:var(--wp--preset--spacing--20)\"><a href=\"https:\/\/www.akunas.com\/de\/immobilien-costa-blanca\/la-finca-golf-neubauwohnungen\">Neubauwohnungen in La Finca Golf<\/a><\/li>\n<\/ul>\n<\/div>\n\n\n\n<div class=\"wp-block-group has-global-padding is-layout-constrained wp-container-core-group-is-layout-47906792 wp-block-group-is-layout-constrained\" style=\"margin-bottom:var(--wp--preset--spacing--50);padding-right:var(--wp--preset--spacing--20);padding-left:var(--wp--preset--spacing--20)\">\n<p class=\"has-text-align-center\">Entdecken Sie unser vollst\u00e4ndiges Immobilienangebot in allen Regionen und Immobilientypen.<\/p>\n\n\n\n<div class=\"wp-block-buttons is-content-justification-center is-layout-flex wp-container-core-buttons-is-layout-a89b3969 wp-block-buttons-is-layout-flex\">\n<div class=\"wp-block-button\"><a class=\"wp-block-button__link has-text-align-center wp-element-button\" href=\"https:\/\/www.akunas.com\/de\/immobilien\"><strong>ALLE VERF\u00dcGBAREN IMMOBILIEN ANZEIGEN<\/strong><\/a><\/div>\n<\/div>\n<\/div>\n","protected":false},"excerpt":{"rendered":"<p>Suchindex Immobilienregionen Spanien Akunas Real Estate ist spezialisiert auf moderne Wohnimmobilien und Neubauprojekte an der Costa Blanca, Costa C\u00e1lida, Costa Almer\u00eda und der Costa del Sol. Auf dieser Seite finden Sie eine strukturierte \u00dcbersicht unserer speziellen Landingpages, \u00fcbersichtlich geordnet nach Region, Standort und wichtigen Immobilienmerkmalen. Hier k\u00f6nnen Sie verschiedene Standorte erkunden, Immobilientypen vergleichen und gezielte [&hellip;]<\/p>\n","protected":false},"author":8,"featured_media":0,"parent":0,"menu_order":19,"comment_status":"closed","ping_status":"closed","template":"solid-header","meta":{"_acf_changed":false,"footnotes":""},"tags":[],"class_list":["post-11431","page","type-page","status-publish","hentry"],"acf":[],"_links":{"self":[{"href":"https:\/\/www.akunas.com\/de\/wp-json\/wp\/v2\/pages\/11431","targetHints":{"allow":["GET"]}}],"collection":[{"href":"https:\/\/www.akunas.com\/de\/wp-json\/wp\/v2\/pages"}],"about":[{"href":"https:\/\/www.akunas.com\/de\/wp-json\/wp\/v2\/types\/page"}],"author":[{"embeddable":true,"href":"https:\/\/www.akunas.com\/de\/wp-json\/wp\/v2\/users\/8"}],"replies":[{"embeddable":true,"href":"https:\/\/www.akunas.com\/de\/wp-json\/wp\/v2\/comments?post=11431"}],"version-history":[{"count":1,"href":"https:\/\/www.akunas.com\/de\/wp-json\/wp\/v2\/pages\/11431\/revisions"}],"predecessor-version":[{"id":14351,"href":"https:\/\/www.akunas.com\/de\/wp-json\/wp\/v2\/pages\/11431\/revisions\/14351"}],"wp:attachment":[{"href":"https:\/\/www.akunas.com\/de\/wp-json\/wp\/v2\/media?parent=11431"}],"wp:term":[{"taxonomy":"post_tag","embeddable":true,"href":"https:\/\/www.akunas.com\/de\/wp-json\/wp\/v2\/tags?post=11431"}],"curies":[{"name":"wp","href":"https:\/\/api.w.org\/{rel}","templated":true}]}}